{"id":23090,"date":"2023-09-25T10:17:39","date_gmt":"2023-09-25T08:17:39","guid":{"rendered":"https:\/\/cefam.fr\/?page_id=23090"},"modified":"2024-02-27T11:02:07","modified_gmt":"2024-02-27T10:02:07","slug":"asking-for-documentation","status":"publish","type":"page","link":"https:\/\/www.cefam.fr\/en\/asking-for-documentation\/","title":{"rendered":"Download the brochure"},"content":{"rendered":"\n<p>After 3 years of studying in France with 100% of teaching in English, CEFAM allows ALL of its students to join a university in the United States or Canada for one or two years of study.<\/p>\n\n\n\n<p>Objective: obtain an American\/Canadian degree (BBA), from an AACSB accredited Business School.<\/p>\n\n\n\n<p><strong>Two possibilities to join CEFAM:<\/strong><\/p>\n\n\n\n<ul class=\"wp-block-list\">\n<li>directly after the baccalaureate based on excellent criteria, under a competitive examination.<\/li>\n\n\n\n<li>admission into the 4th year possible for holders of a bac +3, by competitive examination.<\/li>\n<\/ul>\n\n\n\n<p><em>Registration is subject to a registration fee. This program has fees.<\/em><\/p>\n\n\n\n<div class=\"wp-block-contact-form-7-contact-form-selector\">\n<div class=\"wpcf7 no-js\" id=\"wpcf7-f23089-o1\" lang=\"fr-FR\" dir=\"ltr\" data-wpcf7-id=\"23089\">\n<div class=\"screen-reader-response\"><p role=\"status\" aria-live=\"polite\" aria-atomic=\"true\"><\/p> <ul><\/ul><\/div>\n<form action=\"\/en\/wp-json\/wp\/v2\/pages\/23090#wpcf7-f23089-o1\" method=\"post\" class=\"wpcf7-form init\" aria-label=\"Formulaire de contact\" novalidate=\"novalidate\" data-status=\"init\">\n<fieldset class=\"hidden-fields-container\"><input type=\"hidden\" name=\"_wpcf7\" value=\"23089\" \/><input type=\"hidden\" name=\"_wpcf7_version\" value=\"6.1.5\" \/><input type=\"hidden\" name=\"_wpcf7_locale\" value=\"fr_FR\" \/><input type=\"hidden\" name=\"_wpcf7_unit_tag\" value=\"wpcf7-f23089-o1\" \/><input type=\"hidden\" name=\"_wpcf7_container_post\" value=\"0\" \/><input type=\"hidden\" name=\"_wpcf7_posted_data_hash\" value=\"\" \/><input type=\"hidden\" name=\"_wpcf7_recaptcha_response\" value=\"\" \/>\n<\/fieldset>\n<fieldset>\n\t<legend>Personal details\n\t<\/legend>\n\t<div class=\"flex\">\n\t\t<p><label> Title<br \/>\n<span class=\"wpcf7-form-control-wrap\" data-name=\"civilite\"><select class=\"wpcf7-form-control wpcf7-select wpcf7-validates-as-required\" aria-required=\"true\" aria-invalid=\"false\" name=\"civilite\"><option value=\"Mr\">Mr<\/option><option value=\"Mrs\">Mrs<\/option><option value=\"Other\">Other<\/option><\/select><\/span><\/label>\n\t\t<\/p>\n\t\t<p><label> Last name<br \/>\n<span class=\"wpcf7-form-control-wrap\" data-name=\"your-name\"><input size=\"40\" maxlength=\"400\" class=\"wpcf7-form-control wpcf7-text wpcf7-validates-as-required\" autocomplete=\"name\" aria-required=\"true\" aria-invalid=\"false\" value=\"\" type=\"text\" name=\"your-name\" \/><\/span> <\/label>\n\t\t<\/p>\n\t<\/div>\n\t<div class=\"flex\">\n\t\t<p><label> First name<br \/>\n<span class=\"wpcf7-form-control-wrap\" data-name=\"prenom\"><input size=\"40\" maxlength=\"400\" class=\"wpcf7-form-control wpcf7-text wpcf7-validates-as-required\" autocomplete=\"firstname\" aria-required=\"true\" aria-invalid=\"false\" value=\"\" type=\"text\" name=\"prenom\" \/><\/span><br \/>\n<\/label>\n\t\t<\/p>\n\t\t<p><label> Email<br \/>\n<span class=\"wpcf7-form-control-wrap\" data-name=\"your-email\"><input size=\"40\" maxlength=\"400\" class=\"wpcf7-form-control wpcf7-email wpcf7-validates-as-required wpcf7-text wpcf7-validates-as-email\" autocomplete=\"email\" aria-required=\"true\" aria-invalid=\"false\" value=\"\" type=\"email\" name=\"your-email\" \/><\/span> <\/label>\n\t\t<\/p>\n\t<\/div>\n\t<div class=\"flex\">\n\t\t<p><label> Address<br \/>\n<span class=\"wpcf7-form-control-wrap\" data-name=\"adresse\"><input size=\"40\" maxlength=\"400\" class=\"wpcf7-form-control wpcf7-text wpcf7-validates-as-required\" aria-required=\"true\" aria-invalid=\"false\" value=\"\" type=\"text\" name=\"adresse\" \/><\/span> <\/label>\n\t\t<\/p>\n\t\t<p><label> Zip code<br \/>\n<span class=\"wpcf7-form-control-wrap\" data-name=\"cp\"><input size=\"40\" maxlength=\"400\" class=\"wpcf7-form-control wpcf7-text wpcf7-validates-as-required\" aria-required=\"true\" aria-invalid=\"false\" value=\"\" type=\"text\" name=\"cp\" \/><\/span> <\/label>\n\t\t<\/p>\n\t<\/div>\n\t<div class=\"flex\">\n\t\t<p><label> City<br \/>\n<span class=\"wpcf7-form-control-wrap\" data-name=\"ville\"><input size=\"40\" maxlength=\"400\" class=\"wpcf7-form-control wpcf7-text wpcf7-validates-as-required\" aria-required=\"true\" aria-invalid=\"false\" value=\"\" type=\"text\" name=\"ville\" \/><\/span> <\/label>\n\t\t<\/p>\n\t\t<p><label> Country<br \/>\n<span class=\"wpcf7-form-control-wrap\" data-name=\"pays\"><input size=\"40\" maxlength=\"400\" class=\"wpcf7-form-control wpcf7-text wpcf7-validates-as-required\" aria-required=\"true\" aria-invalid=\"false\" value=\"\" type=\"text\" name=\"pays\" \/><\/span> <\/label>\n\t\t<\/p>\n\t<\/div>\n\t<div class=\"flex\">\n\t\t<p><label>Code phone number<br \/>\n<span class=\"wpcf7-form-control-wrap\" data-name=\"code-reg\"><input size=\"40\" maxlength=\"400\" class=\"wpcf7-form-control wpcf7-text wpcf7-validates-as-required\" aria-required=\"true\" aria-invalid=\"false\" placeholder=\"+33\" value=\"\" type=\"text\" name=\"code-reg\" \/><\/span> <\/label>\n\t\t<\/p>\n\t\t<p><label> Cell phone number<br \/>\n<span class=\"wpcf7-form-control-wrap\" data-name=\"tel\"><input size=\"40\" maxlength=\"400\" class=\"wpcf7-form-control wpcf7-tel wpcf7-validates-as-required wpcf7-text wpcf7-validates-as-tel\" autocomplete=\"phone\" aria-required=\"true\" aria-invalid=\"false\" placeholder=\"6 00 00 00 00\" value=\"\" type=\"tel\" name=\"tel\" \/><\/span><\/label>\n\t\t<\/p>\n\t<\/div>\n<\/fieldset>\n<fieldset>\n\t<legend>Your profile\n\t<\/legend>\n\t<div class=\"flex\">\n\t\t<p><label>Current grade<br \/>\n<span class=\"wpcf7-form-control-wrap\" data-name=\"niveau-etudes\"><select class=\"wpcf7-form-control wpcf7-select wpcf7-validates-as-required\" aria-required=\"true\" aria-invalid=\"false\" name=\"niveau-etudes\"><option value=\"11th grade\">11th grade<\/option><option value=\"10th grade\">10th grade<\/option><option value=\"12th grade\">12th grade<\/option><option value=\"1 year of higher education\">1 year of higher education<\/option><option value=\"2 years of higher education\">2 years of higher education<\/option><option value=\"3 years of higher education\">3 years of higher education<\/option><option value=\"4 years of higher education\">4 years of higher education<\/option><\/select><\/span><\/label>\n\t\t<\/p>\n\t\t<p><label> Which section<br \/>\n<span class=\"wpcf7-form-control-wrap\" data-name=\"menu-234\"><select class=\"wpcf7-form-control wpcf7-select wpcf7-validates-as-required\" aria-required=\"true\" aria-invalid=\"false\" name=\"menu-234\"><option value=\"Scientific Section\">Scientific Section<\/option><option value=\"Economic Section\">Economic Section<\/option><option value=\"Literary Section\">Literary Section<\/option><option value=\"French Technical Baccalaureate Degree\">French Technical Baccalaureate Degree<\/option><option value=\"Other\">Other<\/option><\/select><\/span><\/label>\n\t\t<\/p>\n\t<\/div>\n\t<div class=\"flex\">\n\t\t<p><label>International \/ European Section<br \/>\n<span class=\"wpcf7-form-control-wrap\" data-name=\"niveau-etudes\"><select class=\"wpcf7-form-control wpcf7-select wpcf7-validates-as-required\" aria-required=\"true\" aria-invalid=\"false\" name=\"niveau-etudes\"><option value=\"Yes\">Yes<\/option><option value=\"No\">No<\/option><\/select><\/span><\/label>\n\t\t<\/p>\n\t\t<p><label> Highest degree obtained<br \/>\n<span class=\"wpcf7-form-control-wrap\" data-name=\"menu-930\"><select class=\"wpcf7-form-control wpcf7-select wpcf7-validates-as-required\" aria-required=\"true\" aria-invalid=\"false\" name=\"menu-930\"><option value=\"French Professionel Baccalaureate Degree\">French Professionel Baccalaureate Degree<\/option><option value=\"Foreign Baccalaureate Degree\">Foreign Baccalaureate Degree<\/option><option value=\"French Baccalaureat Degree, Economic Section\">French Baccalaureat Degree, Economic Section<\/option><option value=\"French Baccalaureat Degree, Literary Section\">French Baccalaureat Degree, Literary Section<\/option><option value=\"French Baccalaureat Degree, Scientific Section\">French Baccalaureat Degree, Scientific Section<\/option><option value=\"French Technical Baccalaureate Degree\">French Technical Baccalaureate Degree<\/option><option value=\"2 year Degree\">2 year Degree<\/option><option value=\"3 year Degree\">3 year Degree<\/option><option value=\"4 year Degree\">4 year Degree<\/option><option value=\"High School Diploma\">High School Diploma<\/option><\/select><\/span><br \/>\n<\/label>\n\t\t<\/p>\n\t<\/div>\n\t<div class=\"flex\">\n\t\t<p><label>Date of Birth<br \/>\n<span class=\"wpcf7-form-control-wrap\" data-name=\"date-705\"><input class=\"wpcf7-form-control wpcf7-date wpcf7-validates-as-required wpcf7-validates-as-date\" aria-required=\"true\" aria-invalid=\"false\" value=\"\" type=\"date\" name=\"date-705\" \/><\/span><\/label>\n\t\t<\/p>\n\t\t<p><label>Level of English<br \/>\n<span class=\"wpcf7-form-control-wrap\" data-name=\"anglais\"><select class=\"wpcf7-form-control wpcf7-select wpcf7-validates-as-required\" aria-required=\"true\" aria-invalid=\"false\" name=\"anglais\"><option value=\"Beginnet\">Beginnet<\/option><option value=\"intermediate\">intermediate<\/option><option value=\"Advanced\">Advanced<\/option><option value=\"Fluent\">Fluent<\/option><\/select><\/span><br \/>\n<\/label>\n\t\t<\/p>\n\t<\/div>\n\t<div class=\"flex\">\n\t\t<p><label>Have you spent time abroad ?<br \/>\n<span class=\"wpcf7-form-control-wrap\" data-name=\"menu-940\"><select class=\"wpcf7-form-control wpcf7-select wpcf7-validates-as-required\" aria-required=\"true\" aria-invalid=\"false\" name=\"menu-940\"><option value=\"Yes, less than 6 months\">Yes, less than 6 months<\/option><option value=\"Yes, more than 6 months\">Yes, more than 6 months<\/option><option value=\"No\">No<\/option><\/select><\/span><\/label>\n\t\t<\/p>\n\t\t<p><label>Select \"other\" thank you specify<br \/>\n<span class=\"wpcf7-form-control-wrap\" data-name=\"text-715\"><input size=\"40\" maxlength=\"400\" class=\"wpcf7-form-control wpcf7-text\" aria-invalid=\"false\" value=\"\" type=\"text\" name=\"text-715\" \/><\/span><\/label>\n\t\t<\/p>\n\t<\/div>\n\t<div class=\"flex\">\n\t\t<p><label>Select the semester<br \/>\n<span class=\"wpcf7-form-control-wrap\" data-name=\"menu-144\"><select class=\"wpcf7-form-control wpcf7-select wpcf7-validates-as-required\" aria-required=\"true\" aria-invalid=\"false\" name=\"menu-144\"><option value=\"January 2024\">January 2024<\/option><option value=\"September 2024\">September 2024<\/option><option value=\"January 2025\">January 2025<\/option><option value=\"September 2025\">September 2025<\/option><\/select><\/span><br \/>\n<\/label>\n\t\t<\/p>\n\t\t<p><label>How did you learn about CEFAM ?<br \/>\n<span class=\"wpcf7-form-control-wrap\" data-name=\"menu-145\"><select class=\"wpcf7-form-control wpcf7-select wpcf7-validates-as-required\" aria-required=\"true\" aria-invalid=\"false\" name=\"menu-145\"><option value=\"From display\">From display<\/option><option value=\"From the internet\">From the internet<\/option><option value=\"From a phone call or email\">From a phone call or email<\/option><option value=\"Other\">Other<\/option><option value=\"From a study abdroad fair\">From a study abdroad fair<\/option><option value=\"From an student\">From an student<\/option><option value=\"Alumnous\">Alumnous<\/option><option value=\"Advisor or relation\">Advisor or relation<\/option><option value=\"From a media release\">From a media release<\/option><option value=\"From an open house day\">From an open house day<\/option><option value=\"From a brochure\">From a brochure<\/option><option value=\"From an information meeting\">From an information meeting<\/option><\/select><\/span><br \/>\n<\/label>\n\t\t<\/p>\n\t<\/div>\n<\/fieldset>\n<p><label> <span class=\"wpcf7-form-control-wrap\" data-name=\"checkbox-papier\"><span class=\"wpcf7-form-control wpcf7-checkbox\"><span class=\"wpcf7-list-item first last\"><label><input type=\"checkbox\" name=\"checkbox-papier[]\" value=\"oui\" \/><span class=\"wpcf7-list-item-label\">oui<\/span><\/label><\/span><\/span><\/span> I would like to receive information by postal mail<\/label>\n<\/p>\n<p>Le Cefam utilisera les informations que vous fournissez sur ce formulaire pour vous contacter. Nous traiterons vos informations en toute confidentialit\u00e9 et ne les partagerons pas avec d'autres. Pour plus d'informations, visitez notre page Politique de confidentialit\u00e9. En cliquant en dessous, vous acceptez que nous puissions traiter vos informations conform\u00e9ment \u00e0 ces conditions.\n<\/p>\n<p><label> <span class=\"wpcf7-form-control-wrap\" data-name=\"checkbox-291\"><span class=\"wpcf7-form-control wpcf7-checkbox wpcf7-validates-as-required\"><span class=\"wpcf7-list-item first last\"><label><input type=\"checkbox\" name=\"checkbox-291[]\" value=\"RGPD\" \/><span class=\"wpcf7-list-item-label\">RGPD<\/span><\/label><\/span><\/span><\/span> I agree to the terms <\/label><br \/>\n<input type=\"hidden\" id=\"gclid_field\" name=\"gclid_field\" value=\"\" \/><br \/>\n<span class=\"wpcf7-form-control-wrap recaptcha\" data-name=\"recaptcha\"><span data-sitekey=\"6LfMhFUcAAAAACUJiMosbHzbCwEt0SjhY1QlkEDH\" class=\"wpcf7-form-control wpcf7-recaptcha g-recaptcha\"><\/span>\r\n<noscript>\r\n\t<div class=\"grecaptcha-noscript\">\r\n\t\t<iframe loading=\"lazy\" src=\"https:\/\/www.google.com\/recaptcha\/api\/fallback?k=6LfMhFUcAAAAACUJiMosbHzbCwEt0SjhY1QlkEDH\" frameborder=\"0\" scrolling=\"no\" width=\"310\" height=\"430\">\r\n\t\t<\/iframe>\r\n\t\t<textarea name=\"g-recaptcha-response\" rows=\"3\" cols=\"40\" placeholder=\"reCaptcha Response Here\">\r\n\t\t<\/textarea>\r\n\t<\/div>\r\n<\/noscript>\r\n<\/span>\n<\/p>\n<p><input class=\"wpcf7-form-control wpcf7-submit has-spinner\" type=\"submit\" value=\"Submit\" \/>\n<\/p><p style=\"display: none !important;\" class=\"akismet-fields-container\" data-prefix=\"_wpcf7_ak_\"><label>&#916;<textarea name=\"_wpcf7_ak_hp_textarea\" cols=\"45\" rows=\"8\" maxlength=\"100\"><\/textarea><\/label><input type=\"hidden\" id=\"ak_js_1\" name=\"_wpcf7_ak_js\" value=\"81\"\/><script type=\"text\/javascript\">\n\/* <![CDATA[ *\/\ndocument.getElementById( \"ak_js_1\" ).setAttribute( \"value\", ( new Date() ).getTime() );\n\/* ]]> *\/\n<\/script>\n<\/p><div class=\"wpcf7-response-output\" aria-hidden=\"true\"><\/div>\n<\/form>\n<\/div>\n<\/div>\n","protected":false},"excerpt":{"rendered":"After 3 years of studying in France with 100% of teaching in English, CEFAM allows ALL of its students to join a university in the United States or Canada for one or two years of study. Objective: obtain an American\/Canadian degree (BBA), from an AACSB accredited Business School. Two possibilities to join CEFAM: Registration is&hellip;","protected":false},"author":1,"featured_media":0,"parent":0,"menu_order":10,"comment_status":"closed","ping_status":"closed","template":"","meta":{"_acf_changed":false,"episode_type":"","audio_file":"","podmotor_file_id":"","podmotor_episode_id":"","cover_image":"","cover_image_id":"","duration":"","filesize":"","filesize_raw":"","date_recorded":"","explicit":"","block":"","itunes_episode_number":"","itunes_title":"","itunes_season_number":"","itunes_episode_type":"","footnotes":""},"class_list":["post-23090","page","type-page","status-publish","hentry"],"acf":[],"yoast_head":"<!-- This site is optimized with the Yoast SEO plugin v27.4 - https:\/\/yoast.com\/product\/yoast-seo-wordpress\/ -->\n<title>Download the brochure - CEFAM<\/title>\n<meta name=\"robots\" content=\"index, follow, max-snippet:-1, max-image-preview:large, max-video-preview:-1\" \/>\n<link rel=\"canonical\" href=\"https:\/\/www.cefam.fr\/en\/asking-for-documentation\/\" \/>\n<meta property=\"og:locale\" content=\"en_US\" \/>\n<meta property=\"og:type\" content=\"article\" \/>\n<meta property=\"og:title\" content=\"Download the brochure - CEFAM\" \/>\n<meta property=\"og:description\" content=\"After 3 years of studying in France with 100% of teaching in English, CEFAM allows ALL of its students to join a university in the United States or Canada for one or two years of study. Objective: obtain an American\/Canadian degree (BBA), from an AACSB accredited Business School. Two possibilities to join CEFAM: Registration is&hellip;\" \/>\n<meta property=\"og:url\" content=\"https:\/\/www.cefam.fr\/en\/asking-for-documentation\/\" \/>\n<meta property=\"og:site_name\" content=\"CEFAM\" \/>\n<meta property=\"article:publisher\" content=\"https:\/\/www.facebook.com\/CEFAM\" \/>\n<meta property=\"article:modified_time\" content=\"2024-02-27T10:02:07+00:00\" \/>\n<meta name=\"twitter:card\" content=\"summary_large_image\" \/>\n<script type=\"application\/ld+json\" class=\"yoast-schema-graph\">{\"@context\":\"https:\\\/\\\/schema.org\",\"@graph\":[{\"@type\":\"WebPage\",\"@id\":\"https:\\\/\\\/www.cefam.fr\\\/en\\\/asking-for-documentation\\\/\",\"url\":\"https:\\\/\\\/www.cefam.fr\\\/en\\\/asking-for-documentation\\\/\",\"name\":\"Download the brochure - CEFAM\",\"isPartOf\":{\"@id\":\"https:\\\/\\\/www.cefam.fr\\\/#website\"},\"datePublished\":\"2023-09-25T08:17:39+00:00\",\"dateModified\":\"2024-02-27T10:02:07+00:00\",\"breadcrumb\":{\"@id\":\"https:\\\/\\\/www.cefam.fr\\\/en\\\/asking-for-documentation\\\/#breadcrumb\"},\"inLanguage\":\"en-US\",\"potentialAction\":[{\"@type\":\"ReadAction\",\"target\":[\"https:\\\/\\\/www.cefam.fr\\\/en\\\/asking-for-documentation\\\/\"]}]},{\"@type\":\"BreadcrumbList\",\"@id\":\"https:\\\/\\\/www.cefam.fr\\\/en\\\/asking-for-documentation\\\/#breadcrumb\",\"itemListElement\":[{\"@type\":\"ListItem\",\"position\":1,\"name\":\"Accueil\",\"item\":\"https:\\\/\\\/www.cefam.fr\\\/en\\\/\"},{\"@type\":\"ListItem\",\"position\":2,\"name\":\"Download the brochure\"}]},{\"@type\":\"WebSite\",\"@id\":\"https:\\\/\\\/www.cefam.fr\\\/#website\",\"url\":\"https:\\\/\\\/www.cefam.fr\\\/\",\"name\":\"CEFAM\",\"description\":\"Ecole de commerce internationnal\",\"publisher\":{\"@id\":\"https:\\\/\\\/www.cefam.fr\\\/#organization\"},\"potentialAction\":[{\"@type\":\"SearchAction\",\"target\":{\"@type\":\"EntryPoint\",\"urlTemplate\":\"https:\\\/\\\/www.cefam.fr\\\/?s={search_term_string}\"},\"query-input\":{\"@type\":\"PropertyValueSpecification\",\"valueRequired\":true,\"valueName\":\"search_term_string\"}}],\"inLanguage\":\"en-US\"},{\"@type\":\"Organization\",\"@id\":\"https:\\\/\\\/www.cefam.fr\\\/#organization\",\"name\":\"CEFAM\",\"url\":\"https:\\\/\\\/www.cefam.fr\\\/\",\"logo\":{\"@type\":\"ImageObject\",\"inLanguage\":\"en-US\",\"@id\":\"https:\\\/\\\/www.cefam.fr\\\/#\\\/schema\\\/logo\\\/image\\\/\",\"url\":\"https:\\\/\\\/www.cefam.fr\\\/wp-content\\\/uploads\\\/2025\\\/02\\\/Logo-cefam-white-png.webp\",\"contentUrl\":\"https:\\\/\\\/www.cefam.fr\\\/wp-content\\\/uploads\\\/2025\\\/02\\\/Logo-cefam-white-png.webp\",\"width\":604,\"height\":273,\"caption\":\"CEFAM\"},\"image\":{\"@id\":\"https:\\\/\\\/www.cefam.fr\\\/#\\\/schema\\\/logo\\\/image\\\/\"},\"sameAs\":[\"https:\\\/\\\/www.facebook.com\\\/CEFAM\",\"https:\\\/\\\/www.tiktok.com\\\/@cefamuniversity\",\"https:\\\/\\\/www.linkedin.com\\\/school\\\/cefam-centre-d'tudes-franco-amricain-de-management\\\/\",\"https:\\\/\\\/www.instagram.com\\\/cefamuniversity\\\/?hl=fr\",\"https:\\\/\\\/www.youtube.com\\\/user\\\/cefamweb\"]}]}<\/script>\n<!-- \/ Yoast SEO plugin. -->","yoast_head_json":{"title":"Download the brochure - CEFAM","robots":{"index":"index","follow":"follow","max-snippet":"max-snippet:-1","max-image-preview":"max-image-preview:large","max-video-preview":"max-video-preview:-1"},"canonical":"https:\/\/www.cefam.fr\/en\/asking-for-documentation\/","og_locale":"en_US","og_type":"article","og_title":"Download the brochure - CEFAM","og_description":"After 3 years of studying in France with 100% of teaching in English, CEFAM allows ALL of its students to join a university in the United States or Canada for one or two years of study. Objective: obtain an American\/Canadian degree (BBA), from an AACSB accredited Business School. Two possibilities to join CEFAM: Registration is&hellip;","og_url":"https:\/\/www.cefam.fr\/en\/asking-for-documentation\/","og_site_name":"CEFAM","article_publisher":"https:\/\/www.facebook.com\/CEFAM","article_modified_time":"2024-02-27T10:02:07+00:00","twitter_card":"summary_large_image","schema":{"@context":"https:\/\/schema.org","@graph":[{"@type":"WebPage","@id":"https:\/\/www.cefam.fr\/en\/asking-for-documentation\/","url":"https:\/\/www.cefam.fr\/en\/asking-for-documentation\/","name":"Download the brochure - CEFAM","isPartOf":{"@id":"https:\/\/www.cefam.fr\/#website"},"datePublished":"2023-09-25T08:17:39+00:00","dateModified":"2024-02-27T10:02:07+00:00","breadcrumb":{"@id":"https:\/\/www.cefam.fr\/en\/asking-for-documentation\/#breadcrumb"},"inLanguage":"en-US","potentialAction":[{"@type":"ReadAction","target":["https:\/\/www.cefam.fr\/en\/asking-for-documentation\/"]}]},{"@type":"BreadcrumbList","@id":"https:\/\/www.cefam.fr\/en\/asking-for-documentation\/#breadcrumb","itemListElement":[{"@type":"ListItem","position":1,"name":"Accueil","item":"https:\/\/www.cefam.fr\/en\/"},{"@type":"ListItem","position":2,"name":"Download the brochure"}]},{"@type":"WebSite","@id":"https:\/\/www.cefam.fr\/#website","url":"https:\/\/www.cefam.fr\/","name":"CEFAM","description":"Ecole de commerce internationnal","publisher":{"@id":"https:\/\/www.cefam.fr\/#organization"},"potentialAction":[{"@type":"SearchAction","target":{"@type":"EntryPoint","urlTemplate":"https:\/\/www.cefam.fr\/?s={search_term_string}"},"query-input":{"@type":"PropertyValueSpecification","valueRequired":true,"valueName":"search_term_string"}}],"inLanguage":"en-US"},{"@type":"Organization","@id":"https:\/\/www.cefam.fr\/#organization","name":"CEFAM","url":"https:\/\/www.cefam.fr\/","logo":{"@type":"ImageObject","inLanguage":"en-US","@id":"https:\/\/www.cefam.fr\/#\/schema\/logo\/image\/","url":"https:\/\/www.cefam.fr\/wp-content\/uploads\/2025\/02\/Logo-cefam-white-png.webp","contentUrl":"https:\/\/www.cefam.fr\/wp-content\/uploads\/2025\/02\/Logo-cefam-white-png.webp","width":604,"height":273,"caption":"CEFAM"},"image":{"@id":"https:\/\/www.cefam.fr\/#\/schema\/logo\/image\/"},"sameAs":["https:\/\/www.facebook.com\/CEFAM","https:\/\/www.tiktok.com\/@cefamuniversity","https:\/\/www.linkedin.com\/school\/cefam-centre-d'tudes-franco-amricain-de-management\/","https:\/\/www.instagram.com\/cefamuniversity\/?hl=fr","https:\/\/www.youtube.com\/user\/cefamweb"]}]}},"_links":{"self":[{"href":"https:\/\/www.cefam.fr\/en\/wp-json\/wp\/v2\/pages\/23090","targetHints":{"allow":["GET"]}}],"collection":[{"href":"https:\/\/www.cefam.fr\/en\/wp-json\/wp\/v2\/pages"}],"about":[{"href":"https:\/\/www.cefam.fr\/en\/wp-json\/wp\/v2\/types\/page"}],"author":[{"embeddable":true,"href":"https:\/\/www.cefam.fr\/en\/wp-json\/wp\/v2\/users\/1"}],"replies":[{"embeddable":true,"href":"https:\/\/www.cefam.fr\/en\/wp-json\/wp\/v2\/comments?post=23090"}],"version-history":[{"count":0,"href":"https:\/\/www.cefam.fr\/en\/wp-json\/wp\/v2\/pages\/23090\/revisions"}],"wp:attachment":[{"href":"https:\/\/www.cefam.fr\/en\/wp-json\/wp\/v2\/media?parent=23090"}],"curies":[{"name":"wp","href":"https:\/\/api.w.org\/{rel}","templated":true}]}}