{"id":3560,"date":"2021-09-30T19:04:34","date_gmt":"2021-09-30T17:04:34","guid":{"rendered":"https:\/\/cefam.fr\/?page_id=3560"},"modified":"2025-11-04T12:02:29","modified_gmt":"2025-11-04T11:02:29","slug":"rncp","status":"publish","type":"page","link":"https:\/\/www.cefam.fr\/en\/about-us\/accreditation-recognitions\/rncp\/","title":{"rendered":"RNCP: a French government certification"},"content":{"rendered":"\n<h3 class=\"wp-block-heading\">CEFAM offers the advantage of conferring a Level 7 degree, certified by the French government, upon program graduates.<\/h3>\n\n\n\n<div style=\"height:30px\" aria-hidden=\"true\" class=\"wp-block-spacer\"><\/div>\n\n\n\n<div class=\"wp-block-columns is-layout-flex wp-container-core-columns-is-layout-9d6595d7 wp-block-columns-is-layout-flex\">\n<div class=\"wp-block-column is-layout-flow wp-block-column-is-layout-flow\" style=\"flex-basis:33.33%\">\n<div style=\"height:20px\" aria-hidden=\"true\" class=\"wp-block-spacer\"><\/div>\n\n\n<div class=\"wp-block-image\">\n<figure class=\"aligncenter size-full is-resized\"><img loading=\"lazy\" decoding=\"async\" width=\"714\" height=\"281\" sizes=\"auto, (max-width: 714px) 100vw, 714px\" src=\"https:\/\/www.cefam.fr\/wp-content\/uploads\/2025\/10\/logo-rncp-1024x513-1.webp\" alt=\"\" class=\"wp-image-33980\" style=\"width:405px;height:auto\" srcset=\"https:\/\/www.cefam.fr\/wp-content\/uploads\/2025\/10\/logo-rncp-1024x513-1.webp 714w, https:\/\/www.cefam.fr\/wp-content\/uploads\/2025\/10\/logo-rncp-1024x513-1-700x275.webp 700w, https:\/\/www.cefam.fr\/wp-content\/uploads\/2025\/10\/logo-rncp-1024x513-1-180x71.webp 180w\" \/><\/figure>\n<\/div><\/div>\n\n\n\n<div class=\"wp-block-column is-layout-flow wp-block-column-is-layout-flow\"><\/div>\n\n\n\n<div class=\"wp-block-column is-layout-flow wp-block-column-is-layout-flow\" style=\"flex-basis:66.66%\">\n<h2 class=\"wp-block-heading\">What is a government certified degree?<\/h2>\n\n\n\n<p>France Comp\u00e9tences is the public body responsible for regulating and ensuring the quality of professional training in France. Operating under the supervision of the State, it ensures that every diploma registered in the RNCP (National Directory of Professional Certifications) reflects the real skills expected by employers. It acts as a trusted intermediary between training institutions, the professional world, and public authorities.<\/p>\n\n\n\n<p>As an example, the specialized master\u2019s degrees awarded by some of France\u2019s best schools after 5 or 6 years of higher education are certified as Level 7 degrees.<\/p>\n\n\n\n<p>CEFAM awards its Level 7 degree to those students who have completed the <a href=\"https:\/\/www.cefam.fr\/en\/academics\/post-graduate-program\/\">French-American program<\/a>.<\/p>\n<\/div>\n<\/div>\n\n\n\n<h2 class=\"wp-block-heading\">The CEFAM Degree, certified by the French government<\/h2>\n\n\n\n<p>The following degrees are awarded upon completion of the CEFAM programs:<\/p>\n\n\n\n<ul class=\"wp-block-list\">\n<li><strong>Level 7 Degree<\/strong>: \u00ab&nbsp;<em>Manager des organisations \u00e0 l\u2019international<\/em>&nbsp;\u00bb (<em>enregistr\u00e9 au RNCP sous le num\u00e9ro 39382 par d\u00e9cision de France Comp\u00e9tences en date du 19 juillet 2024, Code NSF 310m).<\/em><\/li>\n<\/ul>\n\n\n\n<p>Certification by the <strong>RNCP<\/strong> (R\u00e9pertoire National des Certifications Professionnelles) is based primarily on the acquisition and assessment of professional competencies, alumni salaries, and the consistency be CEFAM allows its students to simultaneously earn 2 degrees (one French and the other American) in partnership with American universities accredited by the AACSB, the gold standard in quality for business schools throughout the world.<\/p>\n\n\n\n<div style=\"height:29px\" aria-hidden=\"true\" class=\"wp-block-spacer\"><\/div>\n\n\n\n<div class=\"wp-block-buttons is-horizontal is-content-justification-center is-layout-flex wp-container-core-buttons-is-layout-499968f5 wp-block-buttons-is-layout-flex\">\n<div class=\"wp-block-button\"><a class=\"wp-block-button__link wp-element-button\" href=\"https:\/\/www.francecompetences.fr\/recherche\/rncp\/39382\/\">Read more about RNCP<\/a><\/div>\n<\/div>\n","protected":false},"excerpt":{"rendered":"CEFAM offers the advantage of conferring a Level 7 degree, certified by the French government, upon program graduates. What is a government certified degree? France Comp\u00e9tences is the public body responsible for regulating and ensuring the quality of professional training in France. Operating under the supervision of the State, it ensures that every diploma registered&hellip;","protected":false},"author":4,"featured_media":0,"parent":3554,"menu_order":0,"comment_status":"closed","ping_status":"closed","template":"","meta":{"_acf_changed":false,"episode_type":"","audio_file":"","cover_image":"","cover_image_id":"","duration":"","filesize":"","date_recorded":"","explicit":"","block":"","itunes_episode_number":"","itunes_title":"","itunes_season_number":"","itunes_episode_type":"","filesize_raw":"","footnotes":""},"class_list":["post-3560","page","type-page","status-publish","hentry"],"acf":[],"yoast_head":"<!-- This site is optimized with the Yoast SEO plugin v27.3 - https:\/\/yoast.com\/product\/yoast-seo-wordpress\/ -->\n<title>RNCP: a French government certification - CEFAM<\/title>\n<meta name=\"description\" content=\"At CEFAM, you will obtain the title &quot;Manager of International Organizations&quot;: a Level 7 certified diploma from the French State.\" \/>\n<meta name=\"robots\" content=\"index, follow, max-snippet:-1, max-image-preview:large, max-video-preview:-1\" \/>\n<link rel=\"canonical\" href=\"https:\/\/www.cefam.fr\/en\/about-us\/accreditation-recognitions\/rncp\/\" \/>\n<meta property=\"og:locale\" content=\"en_US\" \/>\n<meta property=\"og:type\" content=\"article\" \/>\n<meta property=\"og:title\" content=\"RNCP: a French government certification - CEFAM\" \/>\n<meta property=\"og:description\" content=\"At CEFAM, you will obtain the title &quot;Manager of International Organizations&quot;: a Level 7 certified diploma from the French State.\" \/>\n<meta property=\"og:url\" content=\"https:\/\/www.cefam.fr\/en\/about-us\/accreditation-recognitions\/rncp\/\" \/>\n<meta property=\"og:site_name\" content=\"CEFAM\" \/>\n<meta property=\"article:publisher\" content=\"https:\/\/www.facebook.com\/CEFAM\" \/>\n<meta property=\"article:modified_time\" content=\"2025-11-04T11:02:29+00:00\" \/>\n<meta property=\"og:image\" content=\"https:\/\/www.cefam.fr\/wp-content\/uploads\/2025\/10\/logo-rncp-1024x513-1.webp\" \/>\n\t<meta property=\"og:image:width\" content=\"714\" \/>\n\t<meta property=\"og:image:height\" content=\"281\" \/>\n\t<meta property=\"og:image:type\" content=\"image\/png\" \/>\n<meta name=\"twitter:card\" content=\"summary_large_image\" \/>\n<meta name=\"twitter:label1\" content=\"Est. reading time\" \/>\n\t<meta name=\"twitter:data1\" content=\"2 minutes\" \/>\n<script type=\"application\/ld+json\" class=\"yoast-schema-graph\">{\"@context\":\"https:\\\/\\\/schema.org\",\"@graph\":[{\"@type\":\"WebPage\",\"@id\":\"https:\\\/\\\/www.cefam.fr\\\/en\\\/about-us\\\/accreditation-recognitions\\\/rncp\\\/\",\"url\":\"https:\\\/\\\/www.cefam.fr\\\/en\\\/about-us\\\/accreditation-recognitions\\\/rncp\\\/\",\"name\":\"RNCP: a French government certification - CEFAM\",\"isPartOf\":{\"@id\":\"https:\\\/\\\/www.cefam.fr\\\/#website\"},\"primaryImageOfPage\":{\"@id\":\"https:\\\/\\\/www.cefam.fr\\\/en\\\/about-us\\\/accreditation-recognitions\\\/rncp\\\/#primaryimage\"},\"image\":{\"@id\":\"https:\\\/\\\/www.cefam.fr\\\/en\\\/about-us\\\/accreditation-recognitions\\\/rncp\\\/#primaryimage\"},\"thumbnailUrl\":\"https:\\\/\\\/www.cefam.fr\\\/wp-content\\\/uploads\\\/2025\\\/10\\\/logo-rncp-1024x513-1.webp\",\"datePublished\":\"2021-09-30T17:04:34+00:00\",\"dateModified\":\"2025-11-04T11:02:29+00:00\",\"description\":\"At CEFAM, you will obtain the title \\\"Manager of International Organizations\\\": a Level 7 certified diploma from the French State.\",\"breadcrumb\":{\"@id\":\"https:\\\/\\\/www.cefam.fr\\\/en\\\/about-us\\\/accreditation-recognitions\\\/rncp\\\/#breadcrumb\"},\"inLanguage\":\"en-US\",\"potentialAction\":[{\"@type\":\"ReadAction\",\"target\":[\"https:\\\/\\\/www.cefam.fr\\\/en\\\/about-us\\\/accreditation-recognitions\\\/rncp\\\/\"]}]},{\"@type\":\"ImageObject\",\"inLanguage\":\"en-US\",\"@id\":\"https:\\\/\\\/www.cefam.fr\\\/en\\\/about-us\\\/accreditation-recognitions\\\/rncp\\\/#primaryimage\",\"url\":\"https:\\\/\\\/www.cefam.fr\\\/wp-content\\\/uploads\\\/2025\\\/10\\\/logo-rncp-1024x513-1.webp\",\"contentUrl\":\"https:\\\/\\\/www.cefam.fr\\\/wp-content\\\/uploads\\\/2025\\\/10\\\/logo-rncp-1024x513-1.webp\"},{\"@type\":\"BreadcrumbList\",\"@id\":\"https:\\\/\\\/www.cefam.fr\\\/en\\\/about-us\\\/accreditation-recognitions\\\/rncp\\\/#breadcrumb\",\"itemListElement\":[{\"@type\":\"ListItem\",\"position\":1,\"name\":\"Accueil\",\"item\":\"https:\\\/\\\/www.cefam.fr\\\/en\\\/\"},{\"@type\":\"ListItem\",\"position\":2,\"name\":\"About us\",\"item\":\"https:\\\/\\\/www.cefam.fr\\\/en\\\/about-us\\\/\"},{\"@type\":\"ListItem\",\"position\":3,\"name\":\"Accreditation &#038; Recognitions\",\"item\":\"https:\\\/\\\/www.cefam.fr\\\/en\\\/about-us\\\/accreditation-recognitions\\\/\"},{\"@type\":\"ListItem\",\"position\":4,\"name\":\"RNCP: a French government certification\"}]},{\"@type\":\"WebSite\",\"@id\":\"https:\\\/\\\/www.cefam.fr\\\/#website\",\"url\":\"https:\\\/\\\/www.cefam.fr\\\/\",\"name\":\"CEFAM\",\"description\":\"Ecole de commerce internationnal\",\"publisher\":{\"@id\":\"https:\\\/\\\/www.cefam.fr\\\/#organization\"},\"potentialAction\":[{\"@type\":\"SearchAction\",\"target\":{\"@type\":\"EntryPoint\",\"urlTemplate\":\"https:\\\/\\\/www.cefam.fr\\\/?s={search_term_string}\"},\"query-input\":{\"@type\":\"PropertyValueSpecification\",\"valueRequired\":true,\"valueName\":\"search_term_string\"}}],\"inLanguage\":\"en-US\"},{\"@type\":\"Organization\",\"@id\":\"https:\\\/\\\/www.cefam.fr\\\/#organization\",\"name\":\"CEFAM\",\"url\":\"https:\\\/\\\/www.cefam.fr\\\/\",\"logo\":{\"@type\":\"ImageObject\",\"inLanguage\":\"en-US\",\"@id\":\"https:\\\/\\\/www.cefam.fr\\\/#\\\/schema\\\/logo\\\/image\\\/\",\"url\":\"https:\\\/\\\/www.cefam.fr\\\/wp-content\\\/uploads\\\/2025\\\/02\\\/Logo-cefam-white-png.webp\",\"contentUrl\":\"https:\\\/\\\/www.cefam.fr\\\/wp-content\\\/uploads\\\/2025\\\/02\\\/Logo-cefam-white-png.webp\",\"width\":604,\"height\":273,\"caption\":\"CEFAM\"},\"image\":{\"@id\":\"https:\\\/\\\/www.cefam.fr\\\/#\\\/schema\\\/logo\\\/image\\\/\"},\"sameAs\":[\"https:\\\/\\\/www.facebook.com\\\/CEFAM\",\"https:\\\/\\\/www.tiktok.com\\\/@cefamuniversity\",\"https:\\\/\\\/www.linkedin.com\\\/school\\\/cefam-centre-d'tudes-franco-amricain-de-management\\\/\",\"https:\\\/\\\/www.instagram.com\\\/cefamuniversity\\\/?hl=fr\",\"https:\\\/\\\/www.youtube.com\\\/user\\\/cefamweb\"]}]}<\/script>\n<!-- \/ Yoast SEO plugin. -->","yoast_head_json":{"title":"RNCP: a French government certification - CEFAM","description":"At CEFAM, you will obtain the title \"Manager of International Organizations\": a Level 7 certified diploma from the French State.","robots":{"index":"index","follow":"follow","max-snippet":"max-snippet:-1","max-image-preview":"max-image-preview:large","max-video-preview":"max-video-preview:-1"},"canonical":"https:\/\/www.cefam.fr\/en\/about-us\/accreditation-recognitions\/rncp\/","og_locale":"en_US","og_type":"article","og_title":"RNCP: a French government certification - CEFAM","og_description":"At CEFAM, you will obtain the title \"Manager of International Organizations\": a Level 7 certified diploma from the French State.","og_url":"https:\/\/www.cefam.fr\/en\/about-us\/accreditation-recognitions\/rncp\/","og_site_name":"CEFAM","article_publisher":"https:\/\/www.facebook.com\/CEFAM","article_modified_time":"2025-11-04T11:02:29+00:00","og_image":[{"width":714,"height":281,"url":"https:\/\/www.cefam.fr\/wp-content\/uploads\/2025\/10\/logo-rncp-1024x513-1.webp","type":"image\/png"}],"twitter_card":"summary_large_image","twitter_misc":{"Est. reading time":"2 minutes"},"schema":{"@context":"https:\/\/schema.org","@graph":[{"@type":"WebPage","@id":"https:\/\/www.cefam.fr\/en\/about-us\/accreditation-recognitions\/rncp\/","url":"https:\/\/www.cefam.fr\/en\/about-us\/accreditation-recognitions\/rncp\/","name":"RNCP: a French government certification - CEFAM","isPartOf":{"@id":"https:\/\/www.cefam.fr\/#website"},"primaryImageOfPage":{"@id":"https:\/\/www.cefam.fr\/en\/about-us\/accreditation-recognitions\/rncp\/#primaryimage"},"image":{"@id":"https:\/\/www.cefam.fr\/en\/about-us\/accreditation-recognitions\/rncp\/#primaryimage"},"thumbnailUrl":"https:\/\/www.cefam.fr\/wp-content\/uploads\/2025\/10\/logo-rncp-1024x513-1.webp","datePublished":"2021-09-30T17:04:34+00:00","dateModified":"2025-11-04T11:02:29+00:00","description":"At CEFAM, you will obtain the title \"Manager of International Organizations\": a Level 7 certified diploma from the French State.","breadcrumb":{"@id":"https:\/\/www.cefam.fr\/en\/about-us\/accreditation-recognitions\/rncp\/#breadcrumb"},"inLanguage":"en-US","potentialAction":[{"@type":"ReadAction","target":["https:\/\/www.cefam.fr\/en\/about-us\/accreditation-recognitions\/rncp\/"]}]},{"@type":"ImageObject","inLanguage":"en-US","@id":"https:\/\/www.cefam.fr\/en\/about-us\/accreditation-recognitions\/rncp\/#primaryimage","url":"https:\/\/www.cefam.fr\/wp-content\/uploads\/2025\/10\/logo-rncp-1024x513-1.webp","contentUrl":"https:\/\/www.cefam.fr\/wp-content\/uploads\/2025\/10\/logo-rncp-1024x513-1.webp"},{"@type":"BreadcrumbList","@id":"https:\/\/www.cefam.fr\/en\/about-us\/accreditation-recognitions\/rncp\/#breadcrumb","itemListElement":[{"@type":"ListItem","position":1,"name":"Accueil","item":"https:\/\/www.cefam.fr\/en\/"},{"@type":"ListItem","position":2,"name":"About us","item":"https:\/\/www.cefam.fr\/en\/about-us\/"},{"@type":"ListItem","position":3,"name":"Accreditation &#038; Recognitions","item":"https:\/\/www.cefam.fr\/en\/about-us\/accreditation-recognitions\/"},{"@type":"ListItem","position":4,"name":"RNCP: a French government certification"}]},{"@type":"WebSite","@id":"https:\/\/www.cefam.fr\/#website","url":"https:\/\/www.cefam.fr\/","name":"CEFAM","description":"Ecole de commerce internationnal","publisher":{"@id":"https:\/\/www.cefam.fr\/#organization"},"potentialAction":[{"@type":"SearchAction","target":{"@type":"EntryPoint","urlTemplate":"https:\/\/www.cefam.fr\/?s={search_term_string}"},"query-input":{"@type":"PropertyValueSpecification","valueRequired":true,"valueName":"search_term_string"}}],"inLanguage":"en-US"},{"@type":"Organization","@id":"https:\/\/www.cefam.fr\/#organization","name":"CEFAM","url":"https:\/\/www.cefam.fr\/","logo":{"@type":"ImageObject","inLanguage":"en-US","@id":"https:\/\/www.cefam.fr\/#\/schema\/logo\/image\/","url":"https:\/\/www.cefam.fr\/wp-content\/uploads\/2025\/02\/Logo-cefam-white-png.webp","contentUrl":"https:\/\/www.cefam.fr\/wp-content\/uploads\/2025\/02\/Logo-cefam-white-png.webp","width":604,"height":273,"caption":"CEFAM"},"image":{"@id":"https:\/\/www.cefam.fr\/#\/schema\/logo\/image\/"},"sameAs":["https:\/\/www.facebook.com\/CEFAM","https:\/\/www.tiktok.com\/@cefamuniversity","https:\/\/www.linkedin.com\/school\/cefam-centre-d'tudes-franco-amricain-de-management\/","https:\/\/www.instagram.com\/cefamuniversity\/?hl=fr","https:\/\/www.youtube.com\/user\/cefamweb"]}]}},"_links":{"self":[{"href":"https:\/\/www.cefam.fr\/en\/wp-json\/wp\/v2\/pages\/3560","targetHints":{"allow":["GET"]}}],"collection":[{"href":"https:\/\/www.cefam.fr\/en\/wp-json\/wp\/v2\/pages"}],"about":[{"href":"https:\/\/www.cefam.fr\/en\/wp-json\/wp\/v2\/types\/page"}],"author":[{"embeddable":true,"href":"https:\/\/www.cefam.fr\/en\/wp-json\/wp\/v2\/users\/4"}],"replies":[{"embeddable":true,"href":"https:\/\/www.cefam.fr\/en\/wp-json\/wp\/v2\/comments?post=3560"}],"version-history":[{"count":3,"href":"https:\/\/www.cefam.fr\/en\/wp-json\/wp\/v2\/pages\/3560\/revisions"}],"predecessor-version":[{"id":34749,"href":"https:\/\/www.cefam.fr\/en\/wp-json\/wp\/v2\/pages\/3560\/revisions\/34749"}],"up":[{"embeddable":true,"href":"https:\/\/www.cefam.fr\/en\/wp-json\/wp\/v2\/pages\/3554"}],"wp:attachment":[{"href":"https:\/\/www.cefam.fr\/en\/wp-json\/wp\/v2\/media?parent=3560"}],"curies":[{"name":"wp","href":"https:\/\/api.w.org\/{rel}","templated":true}]}}